{"id":338,"date":"2024-08-05T11:35:15","date_gmt":"2024-08-05T09:35:15","guid":{"rendered":"https:\/\/idalia2.ordev.es\/?post_type=product&#038;p=338"},"modified":"2024-08-05T12:40:14","modified_gmt":"2024-08-05T10:40:14","slug":"piso-en-venta-en-alguazas","status":"publish","type":"product","link":"https:\/\/idalia.homes\/en\/producto\/piso-en-venta-en-alguazas\/","title":{"rendered":"Piso en venta en Alguazas"},"content":{"rendered":"\r\n\r\n\r\n<p>Desde la entrada comenzamos a la izquierda con un amplio ba\u00f1o con ba\u00f1era y a continuaci\u00f3n tenemos la cocina. Esta tiene todos los muebles situados en un lado, lo que permite espacio suficiente para tener una mesa donde desayunar antes de ir a trabajar. \u00a1Un buen caf\u00e9 por la ma\u00f1ana nos ayuda a empezar el d\u00eda con energ\u00eda!<\/p>\r\n\r\n\r\n\r\n<p>Pasando por el amplio pasillo, llegamos de frente al dormitorio secundario y a la derecha el dormitorio principal, con armario empotrado y ba\u00f1o con ducha dentro. Que c\u00f3modo tener dos ba\u00f1os aunque seamos pocos de familia \u00bfverdad?<\/p>\r\n\r\n\r\n\r\n<p>Si continuamos al fondo a la izquierda, nos encontramos con el sal\u00f3n de unos 18m2 y con dos amplios ventanales que son el motivo de la gran luminosidad de la vivienda.<\/p>\r\n\r\n\r\n\r\n<p>En el mismo edificio cuenta con una plaza de garaje en el primer s\u00f3tano y un trastero.<\/p>\r\n\r\n\r\n\r\n<p>Para terminar de hacer la propiedad perfecta, si lo deseas puedes incluir otra plaza de garaje disponible en la misma planta de s\u00f3tano (cons\u00faltanos el precio).<\/p>\r\n\r\n\r\n\r\n<p>El nombre del Ranero se cree que proviene de las ranas, ya que en los siglos pasados varias charcas y \u00e1reas pantanosas de la zona, eran el hogar de estos anfibios.<\/p>\r\n\r\n\r\n\r\n<p>Todo comenz\u00f3 con cuatro casas en la huerta aisladas, pertenecientes a la pedan\u00eda de La Albatal\u00eda. Fue a partir de los noventa cuando gracias a su urbanizaci\u00f3n y construcci\u00f3n de avenidas y zonas ajardinadas, se convirti\u00f3 en un pr\u00f3spero barrio con todos los servicios. Su cercan\u00eda al enlace con todas las autov\u00edas lo hace todav\u00eda mas atractivo. Desde supermercados, gimnasios, centros de salud, colegios, cafeter\u00edas y su famoso mercadillo de los martes donde encontrar frescas frutas y verduras tan valoradas en esta tierra.<\/p>\r\n\r\n\r\n\r\n<p>Si est\u00e1s buscando un piso en Murcia con todas las comodidades, pero no te gusta vivir en el barullo del tr\u00e1fico y el estr\u00e9s del centro, esta es tu oportunidad.<\/p>\r\n\r\n\r\n\r\n<p>Ll\u00e1manos y te llevamos a hacer una visita. \u00a1Te va a encantar!<\/p>\r\n","protected":false},"excerpt":{"rendered":"<p>Este piso se encuentra en uno de los barrios mas cotizados de Murcia, El Ranero.<\/p>\n<p><!-- \/wp:paragraph --><\/p>\n<p><!-- wp:paragraph --><\/p>\n<p>Situado en la cuarta planta del edificio Tribeca, premiado a nivel arquitect\u00f3nico, sus 82 m2 distribuidos en un rect\u00e1ngulo, hacen que se convierta en la vivienda ideal.<\/p>\n","protected":false},"featured_media":311,"comment_status":"open","ping_status":"closed","template":"","meta":{"_acf_changed":false,"_seopress_robots_primary_cat":"none","_seopress_titles_title":"","_seopress_titles_desc":"","_seopress_robots_index":""},"product_brand":[],"product_cat":[21],"product_tag":[],"class_list":{"0":"post-338","1":"product","2":"type-product","3":"status-publish","4":"has-post-thumbnail","6":"product_cat-inmuebles","7":"description-off","9":"first","10":"instock","11":"shipping-taxable","12":"purchasable","13":"product-type-simple"},"acf":[],"_links":{"self":[{"href":"https:\/\/idalia.homes\/en\/wp-json\/wp\/v2\/product\/338","targetHints":{"allow":["GET"]}}],"collection":[{"href":"https:\/\/idalia.homes\/en\/wp-json\/wp\/v2\/product"}],"about":[{"href":"https:\/\/idalia.homes\/en\/wp-json\/wp\/v2\/types\/product"}],"replies":[{"embeddable":true,"href":"https:\/\/idalia.homes\/en\/wp-json\/wp\/v2\/comments?post=338"}],"wp:featuredmedia":[{"embeddable":true,"href":"https:\/\/idalia.homes\/en\/wp-json\/wp\/v2\/media\/311"}],"wp:attachment":[{"href":"https:\/\/idalia.homes\/en\/wp-json\/wp\/v2\/media?parent=338"}],"wp:term":[{"taxonomy":"product_brand","embeddable":true,"href":"https:\/\/idalia.homes\/en\/wp-json\/wp\/v2\/product_brand?post=338"},{"taxonomy":"product_cat","embeddable":true,"href":"https:\/\/idalia.homes\/en\/wp-json\/wp\/v2\/product_cat?post=338"},{"taxonomy":"product_tag","embeddable":true,"href":"https:\/\/idalia.homes\/en\/wp-json\/wp\/v2\/product_tag?post=338"}],"curies":[{"name":"wp","href":"https:\/\/api.w.org\/{rel}","templated":true}]}}